{"id":22400,"date":"2024-09-19T14:37:47","date_gmt":"2024-09-19T12:37:47","guid":{"rendered":"https:\/\/selena.com\/?page_id=22400"},"modified":"2024-10-14T13:32:37","modified_gmt":"2024-10-14T11:32:37","slug":"innovations-and-technologies","status":"publish","type":"page","link":"https:\/\/selena.com\/en\/innovations-and-technologies\/","title":{"rendered":"Innovations and technologies"},"content":{"rendered":"\t\t<section \n\t\t\tid=\"dd077cd55152239b3eaf3bfacdc6d401\"\n\t\t\tclass=\"block hero-full-image alignwide  header-white hero-full-image--wide-text\"\n\t\t>\n\t\t\t<div \n\t\t\t\tclass=\"hero-full-image__background\"\n\t\t\t\tstyle=\"background-image: url(https:\/\/selena.com\/wp-content\/uploads\/2024\/09\/Innowacje-i-technologie-selena_com-1920x740.jpg)\"\n\t\t\t>\n\t\t\t<\/div>\n\t\t\t<div class=\"container\">\n\t\t\t\t<div class=\"hero-full-image__breadcrumbs\">\n\t\t\t\t\t\t\t<div class=\"breadcrumbs\">\n\t\t\t<div class=\"breadcrumbs__block\">\n\t\t\t\t<a href=\"https:\/\/selena.com\/en\/\" rel=\"nofollow\">Main page<\/a>\n\t\t\t\t<span class=\"breadcrumbs__separator\"><\/span>\n\t\t\t<\/div>\n\t\t\t\t\t\t<div class=\"breadcrumbs__last\">Innovations and technologies<\/div>\n\t\t<\/div>\n\t\t\t\t\t\t<\/div>\n\t\t\t\t<h1 class=\"hero-full-image__title\">Innovations and technologies<\/h1>\n\t\t\t\t\t\t\t\t\t<div class=\"hero-full-image__text-block\">\n\t\t\t\t\t\t<div class=\"hero-full-image__main-text\">\n\t\t\t\t\t\t\tSelena Labs\t\t\t\t\t\t<\/div>\n\t\t\t\t\t\t\t\t\t\t\t\t\t<div class=\"hero-full-image__subtext\">\n\t\t\t\t\t\t\t\tSelena Group&#8217;s global development team\t\t\t\t\t\t\t<\/div>\n\t\t\t\t\t\t\t\t\t\t\t\t<\/div>\n\t\t\t\t\t\t\t\t<\/div>\n\t\t<\/section>\n\t\t\n\n\n<p>Selena Labs \u2013 R&amp;D centre of Selena Group, one of the global leaders in the construction chemicals sector and an owner of the TYTAN brand \u2013 continues its development strategy. Since the 90s of the 20th century, the company\u2019s home has been in Wroc\u0142aw. In 2019, it opened its main laboratory centre in the city of Dzier\u017coni\u00f3w. The launch of a new laboratory brought modern technological solutions and a new work culture into the region, while creating growth opportunities for SMEs. Thanks to this research unit, talented scientists from Lower Silesia are able to develop their skills in a world-class facility.<\/p>\n\n\n\n<p>Selena&#8217;s strength lies in the constant search for new, high-quality solutions that change the approach to construction based on creativity and respect for the environment. It is thanks to the ideas devised and implemented by the R&amp;D department that Selena\u2019s products, such as the solutions based on hybrid polymers, are guaranteed to create a new value for users \u2013 this is particularly important in the era of changing climate conditions. Under the EENSULATE project, the Selena Labs Center received a grant for developing and implementing a system of polyurethane foams and foam adhesives with advanced insulation properties. The project is part of Horizon 2020, the largest research and innovation funding program in the history of the European Union.<\/p>\n\n\n\n<p>Selena Labs also participates in the BioMotive project which is designed to pave the ground towards the production and subsequent sale of components based on biorenewable raw materials from non-crop plants. INNOVATION DRIVES THE WHOLE WORLD, but it should serve people. Selena Labs implemented a new model for innovation development. It uses a methodology that allows the time of work on a product to be shortened from 2 years to 6 months. This increases its competitive edge on the international front.<\/p>\n\n\n\n<p>The company\u2019s laboratory, an essential part of any innovative firm, complements the Group\u2019s scientific and production chain and fits in with its strategy of international expansion enabled by product advantage.<\/p>\n\n\n\n<figure class=\"wp-block-embed is-type-video is-provider-youtube wp-block-embed-youtube wp-embed-aspect-16-9 wp-has-aspect-ratio\"><div class=\"wp-block-embed__wrapper\">\n<iframe loading=\"lazy\" title=\"Selena Labs - new R&amp;D center \u2013 innovations in Construction\" width=\"500\" height=\"281\" src=\"https:\/\/www.youtube.com\/embed\/f9WImepoeYk?feature=oembed\" frameborder=\"0\" allow=\"accelerometer; autoplay; clipboard-write; encrypted-media; gyroscope; picture-in-picture; web-share\" referrerpolicy=\"strict-origin-when-cross-origin\" allowfullscreen><\/iframe>\n<\/div><\/figure>\n","protected":false},"excerpt":{"rendered":"<p>Selena Labs \u2013 R&amp;D centre of Selena Group, one of the global leaders in the construction chemicals sector and an [&hellip;]<\/p>\n","protected":false},"author":3,"featured_media":0,"parent":0,"menu_order":0,"comment_status":"closed","ping_status":"closed","template":"","meta":{"_acf_changed":false,"inline_featured_image":false,"footnotes":""},"class_list":["post-22400","page","type-page","status-publish","hentry"],"acf":[],"yoast_head":"<!-- This site is optimized with the Yoast SEO Premium plugin v27.0 (Yoast SEO v27.0) - https:\/\/yoast.com\/product\/yoast-seo-premium-wordpress\/ -->\n<title>Innovations and technologies - Selena FM S.A.<\/title>\n<meta name=\"robots\" content=\"index, follow, max-snippet:-1, max-image-preview:large, max-video-preview:-1\" \/>\n<link rel=\"canonical\" href=\"https:\/\/selena.com\/en\/innovations-and-technologies\/\" \/>\n<meta property=\"og:locale\" content=\"en_US\" \/>\n<meta property=\"og:type\" content=\"article\" \/>\n<meta property=\"og:title\" content=\"Innovations and technologies\" \/>\n<meta property=\"og:description\" content=\"Selena Labs \u2013 R&amp;D centre of Selena Group, one of the global leaders in the construction chemicals sector and an [&hellip;]\" \/>\n<meta property=\"og:url\" content=\"https:\/\/selena.com\/en\/innovations-and-technologies\/\" \/>\n<meta property=\"og:site_name\" content=\"Selena FM S.A.\" \/>\n<meta property=\"article:publisher\" content=\"https:\/\/www.facebook.com\/SelenaWorld\" \/>\n<meta property=\"article:modified_time\" content=\"2024-10-14T11:32:37+00:00\" \/>\n<meta name=\"twitter:card\" content=\"summary_large_image\" \/>\n<meta name=\"twitter:label1\" content=\"Est. reading time\" \/>\n\t<meta name=\"twitter:data1\" content=\"2 minutes\" \/>\n<script type=\"application\/ld+json\" class=\"yoast-schema-graph\">{\"@context\":\"https:\/\/schema.org\",\"@graph\":[{\"@type\":\"WebPage\",\"@id\":\"https:\/\/selena.com\/en\/innovations-and-technologies\/\",\"url\":\"https:\/\/selena.com\/en\/innovations-and-technologies\/\",\"name\":\"Innovations and technologies - Selena FM S.A.\",\"isPartOf\":{\"@id\":\"https:\/\/selena.com\/#website\"},\"datePublished\":\"2024-09-19T12:37:47+00:00\",\"dateModified\":\"2024-10-14T11:32:37+00:00\",\"breadcrumb\":{\"@id\":\"https:\/\/selena.com\/en\/innovations-and-technologies\/#breadcrumb\"},\"inLanguage\":\"en-US\",\"potentialAction\":[{\"@type\":\"ReadAction\",\"target\":[\"https:\/\/selena.com\/en\/innovations-and-technologies\/\"]}]},{\"@type\":\"BreadcrumbList\",\"@id\":\"https:\/\/selena.com\/en\/innovations-and-technologies\/#breadcrumb\",\"itemListElement\":[{\"@type\":\"ListItem\",\"position\":1,\"name\":\"Strona g\u0142\u00f3wna\",\"item\":\"https:\/\/selena.com\/en\/\"},{\"@type\":\"ListItem\",\"position\":2,\"name\":\"Innovations and technologies\"}]},{\"@type\":\"WebSite\",\"@id\":\"https:\/\/selena.com\/#website\",\"url\":\"https:\/\/selena.com\/\",\"name\":\"Selena Group\",\"description\":\"Selena FM S.A. - Globalny lider i dystrybutor chemii budowlanej\",\"publisher\":{\"@id\":\"https:\/\/selena.com\/#organization\"},\"potentialAction\":[{\"@type\":\"SearchAction\",\"target\":{\"@type\":\"EntryPoint\",\"urlTemplate\":\"https:\/\/selena.com\/?s={search_term_string}\"},\"query-input\":{\"@type\":\"PropertyValueSpecification\",\"valueRequired\":true,\"valueName\":\"search_term_string\"}}],\"inLanguage\":\"en-US\"},{\"@type\":\"Organization\",\"@id\":\"https:\/\/selena.com\/#organization\",\"name\":\"Selena FM S.A.\",\"url\":\"https:\/\/selena.com\/\",\"logo\":{\"@type\":\"ImageObject\",\"inLanguage\":\"en-US\",\"@id\":\"https:\/\/selena.com\/#\/schema\/logo\/image\/\",\"url\":\"https:\/\/selena.com\/wp-content\/uploads\/2023\/04\/logo-4.png\",\"contentUrl\":\"https:\/\/selena.com\/wp-content\/uploads\/2023\/04\/logo-4.png\",\"width\":260,\"height\":52,\"caption\":\"Selena FM S.A.\"},\"image\":{\"@id\":\"https:\/\/selena.com\/#\/schema\/logo\/image\/\"},\"sameAs\":[\"https:\/\/www.facebook.com\/SelenaWorld\",\"https:\/\/www.linkedin.com\/company\/selenagroup\/\",\"https:\/\/www.youtube.com\/c\/SelenaGroup\"],\"email\":\"office@selena.com\",\"telephone\":\"+48 71 78 38 290\",\"vatID\":\"884-00-30-013\",\"taxID\":\"0000292032\"}]}<\/script>\n<!-- \/ Yoast SEO Premium plugin. -->","yoast_head_json":{"title":"Innovations and technologies - Selena FM S.A.","robots":{"index":"index","follow":"follow","max-snippet":"max-snippet:-1","max-image-preview":"max-image-preview:large","max-video-preview":"max-video-preview:-1"},"canonical":"https:\/\/selena.com\/en\/innovations-and-technologies\/","og_locale":"en_US","og_type":"article","og_title":"Innovations and technologies","og_description":"Selena Labs \u2013 R&amp;D centre of Selena Group, one of the global leaders in the construction chemicals sector and an [&hellip;]","og_url":"https:\/\/selena.com\/en\/innovations-and-technologies\/","og_site_name":"Selena FM S.A.","article_publisher":"https:\/\/www.facebook.com\/SelenaWorld","article_modified_time":"2024-10-14T11:32:37+00:00","twitter_card":"summary_large_image","twitter_misc":{"Est. reading time":"2 minutes"},"schema":{"@context":"https:\/\/schema.org","@graph":[{"@type":"WebPage","@id":"https:\/\/selena.com\/en\/innovations-and-technologies\/","url":"https:\/\/selena.com\/en\/innovations-and-technologies\/","name":"Innovations and technologies - Selena FM S.A.","isPartOf":{"@id":"https:\/\/selena.com\/#website"},"datePublished":"2024-09-19T12:37:47+00:00","dateModified":"2024-10-14T11:32:37+00:00","breadcrumb":{"@id":"https:\/\/selena.com\/en\/innovations-and-technologies\/#breadcrumb"},"inLanguage":"en-US","potentialAction":[{"@type":"ReadAction","target":["https:\/\/selena.com\/en\/innovations-and-technologies\/"]}]},{"@type":"BreadcrumbList","@id":"https:\/\/selena.com\/en\/innovations-and-technologies\/#breadcrumb","itemListElement":[{"@type":"ListItem","position":1,"name":"Strona g\u0142\u00f3wna","item":"https:\/\/selena.com\/en\/"},{"@type":"ListItem","position":2,"name":"Innovations and technologies"}]},{"@type":"WebSite","@id":"https:\/\/selena.com\/#website","url":"https:\/\/selena.com\/","name":"Selena Group","description":"Selena FM S.A. - Globalny lider i dystrybutor chemii budowlanej","publisher":{"@id":"https:\/\/selena.com\/#organization"},"potentialAction":[{"@type":"SearchAction","target":{"@type":"EntryPoint","urlTemplate":"https:\/\/selena.com\/?s={search_term_string}"},"query-input":{"@type":"PropertyValueSpecification","valueRequired":true,"valueName":"search_term_string"}}],"inLanguage":"en-US"},{"@type":"Organization","@id":"https:\/\/selena.com\/#organization","name":"Selena FM S.A.","url":"https:\/\/selena.com\/","logo":{"@type":"ImageObject","inLanguage":"en-US","@id":"https:\/\/selena.com\/#\/schema\/logo\/image\/","url":"https:\/\/selena.com\/wp-content\/uploads\/2023\/04\/logo-4.png","contentUrl":"https:\/\/selena.com\/wp-content\/uploads\/2023\/04\/logo-4.png","width":260,"height":52,"caption":"Selena FM S.A."},"image":{"@id":"https:\/\/selena.com\/#\/schema\/logo\/image\/"},"sameAs":["https:\/\/www.facebook.com\/SelenaWorld","https:\/\/www.linkedin.com\/company\/selenagroup\/","https:\/\/www.youtube.com\/c\/SelenaGroup"],"email":"office@selena.com","telephone":"+48 71 78 38 290","vatID":"884-00-30-013","taxID":"0000292032"}]}},"_links":{"self":[{"href":"https:\/\/selena.com\/en\/wp-json\/wp\/v2\/pages\/22400","targetHints":{"allow":["GET"]}}],"collection":[{"href":"https:\/\/selena.com\/en\/wp-json\/wp\/v2\/pages"}],"about":[{"href":"https:\/\/selena.com\/en\/wp-json\/wp\/v2\/types\/page"}],"author":[{"embeddable":true,"href":"https:\/\/selena.com\/en\/wp-json\/wp\/v2\/users\/3"}],"replies":[{"embeddable":true,"href":"https:\/\/selena.com\/en\/wp-json\/wp\/v2\/comments?post=22400"}],"version-history":[{"count":1,"href":"https:\/\/selena.com\/en\/wp-json\/wp\/v2\/pages\/22400\/revisions"}],"predecessor-version":[{"id":22401,"href":"https:\/\/selena.com\/en\/wp-json\/wp\/v2\/pages\/22400\/revisions\/22401"}],"wp:attachment":[{"href":"https:\/\/selena.com\/en\/wp-json\/wp\/v2\/media?parent=22400"}],"curies":[{"name":"wp","href":"https:\/\/api.w.org\/{rel}","templated":true}]}}