{"id":23074,"date":"2023-04-06T09:26:43","date_gmt":"2023-04-06T07:26:43","guid":{"rendered":"https:\/\/selena.com\/?page_id=23074"},"modified":"2025-01-13T10:30:14","modified_gmt":"2025-01-13T09:30:14","slug":"bau-2025-form","status":"publish","type":"page","link":"https:\/\/selena.com\/de\/bau-2025-form\/","title":{"rendered":"GUT GEMACHT MODERNE BAUL\u00d6SUNGEN"},"content":{"rendered":"\t\t<section id=\"109c5ca7d9698d1a4ee691b0d38a431b\" class=\"block lp-form alignwide \">\n\t\t\t<div class=\"container\">\n\t\t\t\t<div class=\"lp-form__top-row\">\n\t\t\t\t\t<button class=\"open-scanner\" id=\"open-scanner\">QR Code<\/button>\n\t\t\t\t\t\t\t\t\t\t\t<div class=\"lp-form__logo-wrapper\">\n\t\t\t\t\t\t\t<img loading=\"lazy\" decoding=\"async\" width=\"201\" height=\"62\" src=\"https:\/\/selena.com\/wp-content\/uploads\/2023\/04\/selena_logo-white-1-1.png\" class=\"lp-form__site-logo\" alt=\"\" \/>\t\t\t\t\t\t<\/div>\n\t\t\t\t\t\t\t\t\t\t<\/div>\n\t\t\t\t\t\t\t\t\t<h1 class=\"lp-form__title-image-wrapper\">\n\t\t\t\t\t\t<img loading=\"lazy\" decoding=\"async\" width=\"652\" height=\"234\" src=\"https:\/\/selena.com\/wp-content\/uploads\/2024\/11\/Selena_BAU2025_KV_1_COPY-1.png\" class=\"lp-form__title-image\" alt=\"\" srcset=\"https:\/\/selena.com\/wp-content\/uploads\/2024\/11\/Selena_BAU2025_KV_1_COPY-1.png 652w, https:\/\/selena.com\/wp-content\/uploads\/2024\/11\/Selena_BAU2025_KV_1_COPY-1-300x108.png 300w, https:\/\/selena.com\/wp-content\/uploads\/2024\/11\/Selena_BAU2025_KV_1_COPY-1-145x52.png 145w, https:\/\/selena.com\/wp-content\/uploads\/2024\/11\/Selena_BAU2025_KV_1_COPY-1-160x57.png 160w, https:\/\/selena.com\/wp-content\/uploads\/2024\/11\/Selena_BAU2025_KV_1_COPY-1-383x137.png 383w, https:\/\/selena.com\/wp-content\/uploads\/2024\/11\/Selena_BAU2025_KV_1_COPY-1-500x179.png 500w\" sizes=\"auto, (max-width: 652px) 100vw, 652px\" \/>\t\t\t\t\t<\/h1>\n\t\t\t\t\t\t\t\t\t<div class=\"lp-form__form-wrapper\">\n\t\t\t\t\t\t\t\t\t\t\t<div class=\"lp-form__text\">\n\t\t\t\t\t\t\tBleiben Sie in Kontakt! <br> F\u00fcllen Sie unser Kontaktformular aus, und lassen Sie uns erkunden, wie wir in Zukunft zusammenarbeiten k\u00f6nnen.\t\t\t\t\t\t<\/div>\n\t\t\t\t\t\t\n<div class=\"wpcf7 no-js\" id=\"wpcf7-f22300-o1\" lang=\"pl-PL\" dir=\"ltr\" data-wpcf7-id=\"22300\">\n<div class=\"screen-reader-response\"><p role=\"status\" aria-live=\"polite\" aria-atomic=\"true\"><\/p> <ul><\/ul><\/div>\n<form action=\"\/de\/wp-json\/wp\/v2\/pages\/23074#wpcf7-f22300-o1\" method=\"post\" class=\"wpcf7-form init\" aria-label=\"Formularz kontaktowy\" novalidate=\"novalidate\" data-status=\"init\">\n<fieldset class=\"hidden-fields-container\"><input type=\"hidden\" name=\"_wpcf7\" value=\"22300\" \/><input type=\"hidden\" name=\"_wpcf7_version\" value=\"6.1.5\" \/><input type=\"hidden\" name=\"_wpcf7_locale\" value=\"pl_PL\" \/><input type=\"hidden\" name=\"_wpcf7_unit_tag\" value=\"wpcf7-f22300-o1\" \/><input type=\"hidden\" name=\"_wpcf7_container_post\" value=\"0\" \/><input type=\"hidden\" name=\"_wpcf7_posted_data_hash\" value=\"\" \/><input type=\"hidden\" name=\"_wpcf7_recaptcha_response\" value=\"\" \/>\n<\/fieldset>\n<span class=\"wpcf7-form-control-wrap\" data-name=\"fullname\"><input size=\"40\" maxlength=\"400\" class=\"wpcf7-form-control wpcf7-text wpcf7-validates-as-required\" aria-required=\"true\" aria-invalid=\"false\" placeholder=\"Name und Nachname\" value=\"\" type=\"text\" name=\"fullname\" \/><\/span>\n<span class=\"wpcf7-form-control-wrap\" data-name=\"gr4wp_company\"><input size=\"40\" maxlength=\"400\" class=\"wpcf7-form-control wpcf7-text wpcf7-validates-as-required\" aria-required=\"true\" aria-invalid=\"false\" placeholder=\"Firmenname\" value=\"\" type=\"text\" name=\"gr4wp_company\" \/><\/span>\n<span class=\"wpcf7-form-control-wrap\" data-name=\"gr4wp_position\"><input size=\"40\" maxlength=\"400\" class=\"wpcf7-form-control wpcf7-text wpcf7-validates-as-required\" aria-required=\"true\" aria-invalid=\"false\" placeholder=\"Position\" value=\"\" type=\"text\" name=\"gr4wp_position\" \/><\/span>\n<span class=\"wpcf7-form-control-wrap\" data-name=\"email\"><input size=\"40\" maxlength=\"400\" class=\"wpcf7-form-control wpcf7-email wpcf7-validates-as-required wpcf7-text wpcf7-validates-as-email\" aria-required=\"true\" aria-invalid=\"false\" placeholder=\"Geben Sie Ihre E-Mail-Adresse ein\" value=\"\" type=\"email\" name=\"email\" \/><\/span>\n<span class=\"wpcf7-form-control-wrap\" data-name=\"gr4wp_phone\"><input size=\"40\" maxlength=\"400\" class=\"wpcf7-form-control wpcf7-tel wpcf7-text wpcf7-validates-as-tel\" aria-invalid=\"false\" placeholder=\"Telefon\" value=\"\" type=\"tel\" name=\"gr4wp_phone\" \/><\/span>\n<span class=\"wpcf7-form-control-wrap\" data-name=\"gr4wp_country\"><input size=\"40\" maxlength=\"400\" class=\"wpcf7-form-control wpcf7-text wpcf7-validates-as-required\" aria-required=\"true\" aria-invalid=\"false\" placeholder=\"Land\" value=\"\" type=\"text\" name=\"gr4wp_country\" \/><\/span>\n\n<div class=\"label\">Sind Sie interessiert an:<\/div>\n<div class=\"checkboxes\">\n<span class=\"wpcf7-form-control-wrap\" data-name=\"gr4wp_private_label\"><span class=\"wpcf7-form-control wpcf7-checkbox\"><span class=\"wpcf7-list-item first last\"><label><input type=\"checkbox\" name=\"gr4wp_private_label[]\" value=\"Zusammenarbeit in Ihrer Eigenmarke ( Private Label)\" \/><span class=\"wpcf7-list-item-label\">Zusammenarbeit in Ihrer Eigenmarke ( Private Label)<\/span><\/label><\/span><\/span><\/span>\n<span class=\"wpcf7-form-control-wrap\" data-name=\"gr4wp_purchasing_products\"><span class=\"wpcf7-form-control wpcf7-checkbox\"><span class=\"wpcf7-list-item first last\"><label><input type=\"checkbox\" name=\"gr4wp_purchasing_products[]\" value=\"Kauf\/Zusammenarbeit in Selena Marken\" \/><span class=\"wpcf7-list-item-label\">Kauf\/Zusammenarbeit in Selena Marken<\/span><\/label><\/span><\/span><\/span>\n<br><span class=\"wpcf7-form-control-wrap\" data-name=\"gr4wp_interested_other\"><span class=\"wpcf7-form-control wpcf7-checkbox\"><span class=\"wpcf7-list-item first last\"><label><input type=\"checkbox\" name=\"gr4wp_interested_other[]\" value=\"Andere\" \/><span class=\"wpcf7-list-item-label\">Andere<\/span><\/label><\/span><\/span><\/span><\/br>\n<\/div>\n\n<label class=\"select-field\">An Produkten aus welchen Produktgruppen sind Sie interessiert:\n<span class=\"wpcf7-form-control-wrap\" data-name=\"gr4wp_productgroup\"><select class=\"wpcf7-form-control wpcf7-select multi-select\" aria-invalid=\"false\" multiple=\"multiple\" name=\"gr4wp_productgroup[]\"><option value=\"PU-Schaum\">PU-Schaum<\/option><option value=\"PU Klebeschaum\">PU Klebeschaum<\/option><option value=\"Hybridbasierte Dicht- und Klebstoffe\">Hybridbasierte Dicht- und Klebstoffe<\/option><option value=\"Silikone\">Silikone<\/option><option value=\"Acrylate\">Acrylate<\/option><option value=\"Spezielle Dichtstoffe\">Spezielle Dichtstoffe<\/option><option value=\"Montagekleber \/ Konstruktionskleber\">Montagekleber \/ Konstruktionskleber<\/option><option value=\"Holzkleber\/Holzleime\">Holzkleber\/Holzleime<\/option><option value=\"Bodenbelagskleber\">Bodenbelagskleber<\/option><option value=\"Industriekleber\">Industriekleber<\/option><option value=\"Andere Dichtstoffe\">Andere Dichtstoffe<\/option><\/select><\/span><\/label>\n\n<label class=\"select-field\">In welchem Vertriebskanal verkaufen Sie Ihre Produkte?\n<span class=\"wpcf7-form-control-wrap\" data-name=\"gr4wp_distributionchannel\"><select class=\"wpcf7-form-control wpcf7-select multi-select\" aria-invalid=\"false\" multiple=\"multiple\" name=\"gr4wp_distributionchannel[]\"><option value=\"Fachhandel\">Fachhandel<\/option><option value=\"DIY\/Einzelhandel\">DIY\/Einzelhandel<\/option><option value=\"Baum\u00e4rkte\">Baum\u00e4rkte<\/option><option value=\"Direkt\/Vertragsnehmer\">Direkt\/Vertragsnehmer<\/option><option value=\"E-Commerce\">E-Commerce<\/option><option value=\"Industrie\">Industrie<\/option><\/select><\/span><\/label>\n\n<label class=\"select-field\">Klassifizierung:\n<span class=\"wpcf7-form-control-wrap\" data-name=\"gr4wp_classification\"><select class=\"wpcf7-form-control wpcf7-select multi-select\" aria-invalid=\"false\" name=\"gr4wp_classification\"><option value=\"A\">A<\/option><option value=\"B\">B<\/option><option value=\"C\">C<\/option><\/select><\/span><\/label>\n<label>Bemerkungen:\n\n<span class=\"wpcf7-form-control-wrap\" data-name=\"gr4wp_your_message\"><textarea cols=\"40\" rows=\"10\" maxlength=\"2000\" class=\"wpcf7-form-control wpcf7-textarea\" aria-invalid=\"false\" placeholder=\"Geben Sie hier Ihre Bemerkungen ein\" name=\"gr4wp_your_message\"><\/textarea><\/span>\n<\/label>\n\n<div class=\"acceptance\">\n<span class=\"wpcf7-form-control-wrap\" data-name=\"gr4wp_data_consent\"><span class=\"wpcf7-form-control wpcf7-acceptance\"><span class=\"wpcf7-list-item\"><label><input type=\"checkbox\" name=\"gr4wp_data_consent\" value=\"1\" class=\"os-tac\" aria-invalid=\"false\" \/><span class=\"wpcf7-list-item-label\">Ich bin mir bewusst, dass die Bereitstellung meiner Daten die Zustimmung zur Verarbeitung bedeutet, um mich \u00fcber die Zukunft der &#8222;PLANT THE TREE&#8220;-Kampagne zu informieren. Ich verstehe, dass der Verantwortliche f\u00fcr meine pers\u00f6nlichen Daten SELENA FM S.A. mit Sitz in Wroc\u0142aw (54-202), ul. Legnicka 48A, ist. Die Grundlage f\u00fcr die Verarbeitung ist Art. 6(1) a. der DSGVO, und ich habe das Recht, meine Einwilligung jederzeit zu widerrufen, indem ich eine E-Mail an folgende Adresse sende: office@selena.com. Ich habe auch das Recht, Zugang zu meinen Daten zu verlangen, Berichtigung, L\u00f6schung oder Einschr\u00e4nkung der Verarbeitung zu beantragen sowie Widerspruch einzulegen und eine Beschwerde bei der Aufsichtsbeh\u00f6rde einzureichen. Weitere Informationen finden Sie hier: <a href=\"#\">Datenschutzerkl\u00e4rung &#8211; Selena FM S.A.<\/a><\/span><\/label><\/span><\/span><\/span>\n\n<span class=\"wpcf7-form-control-wrap\" data-name=\"gr4wp_email_marketing_consent\"><span class=\"wpcf7-form-control wpcf7-acceptance\"><span class=\"wpcf7-list-item\"><label><input type=\"checkbox\" name=\"gr4wp_email_marketing_consent\" value=\"1\" class=\"os-tac\" aria-invalid=\"false\" \/><span class=\"wpcf7-list-item-label\">Ich stimme zu, dass SELENA FM S.A. mich unter der von mir angegebenen E-Mail-Adresse zu Marketingzwecken kontaktieren darf \u2013 um ihre Produkte und Dienstleistungen vorzustellen und mich \u00fcber Aktionen und neue Angebote zu informieren. Ich wei\u00df, dass ich meine Einwilligung jederzeit widerrufen kann.<\/span><\/label><\/span><\/span><\/span>\n<\/div>\n<input class=\"wpcf7-form-control wpcf7-hidden\" value=\"BAU2025de\" type=\"hidden\" name=\"gr4wp_tag_bau\" \/>\n<input class=\"wpcf7-form-control wpcf7-submit has-spinner\" type=\"submit\" value=\"SENDEN\" \/><div class=\"wpcf7-response-output\" aria-hidden=\"true\"><\/div>\n<\/form>\n<\/div>\n\t\t\t\t\t<div class=\"lp-form__thank-you\">\n\t\t\t\t\t\t<div class=\"lp-form__thank-head\">\n\t\t\t\t\t\t\tDANKE!\t\t\t\t\t\t<\/div>\n\t\t\t\t\t\t<div class=\"lp-form__thank-text\">\n\t\t\t\t\t\t\tDanke, dass Sie unseren Stand auf der <span>BAU 2025<\/span> besucht haben. Lassen Sie uns in Kontakt bleiben!\t\t\t\t\t\t<\/div>\n\t\t\t\t\t<\/div>\n\t\t\t\t<\/div>\n\t\t\t<\/div>\n\t\t\t<div class=\"lp-form__image-wrapper\">\n\t\t\t\t<img loading=\"lazy\" decoding=\"async\" width=\"720\" height=\"602\" src=\"https:\/\/selena.com\/wp-content\/uploads\/2025\/01\/building-1.webp\" class=\"lp-form__image\" alt=\"\" srcset=\"https:\/\/selena.com\/wp-content\/uploads\/2025\/01\/building-1.webp 720w, https:\/\/selena.com\/wp-content\/uploads\/2025\/01\/building-1-300x251.webp 300w, https:\/\/selena.com\/wp-content\/uploads\/2025\/01\/building-1-145x121.webp 145w, https:\/\/selena.com\/wp-content\/uploads\/2025\/01\/building-1-120x100.webp 120w, https:\/\/selena.com\/wp-content\/uploads\/2025\/01\/building-1-311x260.webp 311w, https:\/\/selena.com\/wp-content\/uploads\/2025\/01\/building-1-383x320.webp 383w, https:\/\/selena.com\/wp-content\/uploads\/2025\/01\/building-1-500x418.webp 500w\" sizes=\"auto, (max-width: 720px) 100vw, 720px\" \/>\t\t\t<\/div>\n\t\t<\/section>\n\t\t<div class=\"lp-form__scanner-modal\" style=\"display: none\">\n\t\t\t<button class=\"close-scanner\" id=\"close-scanner\">Close<\/button>\n\t\t\t<div class=\"lp-form__reader\" id=\"reader\"><\/div>\n\t\t<\/div>\n\t\t","protected":false},"excerpt":{"rendered":"","protected":false},"author":3,"featured_media":0,"parent":0,"menu_order":0,"comment_status":"closed","ping_status":"closed","template":"no-head-footer.php","meta":{"_acf_changed":false,"inline_featured_image":false,"footnotes":""},"class_list":["post-23074","page","type-page","status-publish","hentry"],"acf":[],"yoast_head":"<!-- This site is optimized with the Yoast SEO Premium plugin v27.0 (Yoast SEO v27.0) - https:\/\/yoast.com\/product\/yoast-seo-premium-wordpress\/ -->\n<title>GUT GEMACHT MODERNE BAUL\u00d6SUNGEN - Selena FM S.A.<\/title>\n<meta name=\"description\" content=\"Z\u00f6gern Sie nicht, uns zu kontaktieren \u2013 wir helfen Ihnen gerne weiter!\" \/>\n<meta name=\"robots\" content=\"index, follow, max-snippet:-1, max-image-preview:large, max-video-preview:-1\" \/>\n<link rel=\"canonical\" href=\"https:\/\/selena.com\/de\/bau-2025-form\/\" \/>\n<meta property=\"og:locale\" content=\"de_DE\" \/>\n<meta property=\"og:type\" content=\"article\" \/>\n<meta property=\"og:title\" content=\"Z\u00f6gern Sie nicht, uns zu kontaktieren \u2013 wir helfen Ihnen gerne weiter!\" \/>\n<meta property=\"og:description\" content=\"Erleben Sie Live-Demonstrationen innovativer Produkte und diskutieren Sie mit den Experten der Selena Group auf der BAU 2025 \u00fcber die neuesten Baul\u00f6sungen.\" \/>\n<meta property=\"og:url\" content=\"https:\/\/selena.com\/de\/bau-2025-form\/\" \/>\n<meta property=\"og:site_name\" content=\"Selena FM S.A.\" \/>\n<meta property=\"article:publisher\" content=\"https:\/\/www.facebook.com\/SelenaWorld\" \/>\n<meta property=\"article:modified_time\" content=\"2025-01-13T09:30:14+00:00\" \/>\n<meta property=\"og:image\" content=\"https:\/\/selena.com\/wp-content\/uploads\/2024\/12\/Selena_BAU2025_some_1200x675-1024x576.png\" \/>\n\t<meta property=\"og:image:width\" content=\"1024\" \/>\n\t<meta property=\"og:image:height\" content=\"576\" \/>\n\t<meta property=\"og:image:type\" content=\"image\/png\" \/>\n<meta name=\"twitter:card\" content=\"summary_large_image\" \/>\n<meta name=\"twitter:title\" content=\"GUT GEMACHT MODERNE BAUL\u00d6SUNGEN\" \/>\n<script type=\"application\/ld+json\" class=\"yoast-schema-graph\">{\"@context\":\"https:\/\/schema.org\",\"@graph\":[{\"@type\":\"WebPage\",\"@id\":\"https:\/\/selena.com\/de\/bau-2025-form\/\",\"url\":\"https:\/\/selena.com\/de\/bau-2025-form\/\",\"name\":\"GUT GEMACHT MODERNE BAUL\u00d6SUNGEN - Selena FM S.A.\",\"isPartOf\":{\"@id\":\"https:\/\/selena.com\/#website\"},\"datePublished\":\"2023-04-06T07:26:43+00:00\",\"dateModified\":\"2025-01-13T09:30:14+00:00\",\"description\":\"Z\u00f6gern Sie nicht, uns zu kontaktieren \u2013 wir helfen Ihnen gerne weiter!\",\"breadcrumb\":{\"@id\":\"https:\/\/selena.com\/de\/bau-2025-form\/#breadcrumb\"},\"inLanguage\":\"de\",\"potentialAction\":[{\"@type\":\"ReadAction\",\"target\":[\"https:\/\/selena.com\/de\/bau-2025-form\/\"]}]},{\"@type\":\"BreadcrumbList\",\"@id\":\"https:\/\/selena.com\/de\/bau-2025-form\/#breadcrumb\",\"itemListElement\":[{\"@type\":\"ListItem\",\"position\":1,\"name\":\"Strona g\u0142\u00f3wna\",\"item\":\"https:\/\/selena.com\/\"},{\"@type\":\"ListItem\",\"position\":2,\"name\":\"GUT GEMACHT MODERNE BAUL\u00d6SUNGEN\"}]},{\"@type\":\"WebSite\",\"@id\":\"https:\/\/selena.com\/#website\",\"url\":\"https:\/\/selena.com\/\",\"name\":\"Selena Group\",\"description\":\"Selena FM S.A. - Globalny lider i dystrybutor chemii budowlanej\",\"publisher\":{\"@id\":\"https:\/\/selena.com\/#organization\"},\"potentialAction\":[{\"@type\":\"SearchAction\",\"target\":{\"@type\":\"EntryPoint\",\"urlTemplate\":\"https:\/\/selena.com\/?s={search_term_string}\"},\"query-input\":{\"@type\":\"PropertyValueSpecification\",\"valueRequired\":true,\"valueName\":\"search_term_string\"}}],\"inLanguage\":\"de\"},{\"@type\":\"Organization\",\"@id\":\"https:\/\/selena.com\/#organization\",\"name\":\"Selena FM S.A.\",\"url\":\"https:\/\/selena.com\/\",\"logo\":{\"@type\":\"ImageObject\",\"inLanguage\":\"de\",\"@id\":\"https:\/\/selena.com\/#\/schema\/logo\/image\/\",\"url\":\"https:\/\/selena.com\/wp-content\/uploads\/2023\/04\/logo-4.png\",\"contentUrl\":\"https:\/\/selena.com\/wp-content\/uploads\/2023\/04\/logo-4.png\",\"width\":260,\"height\":52,\"caption\":\"Selena FM S.A.\"},\"image\":{\"@id\":\"https:\/\/selena.com\/#\/schema\/logo\/image\/\"},\"sameAs\":[\"https:\/\/www.facebook.com\/SelenaWorld\",\"https:\/\/www.linkedin.com\/company\/selenagroup\/\",\"https:\/\/www.youtube.com\/c\/SelenaGroup\"],\"email\":\"office@selena.com\",\"telephone\":\"+48 71 78 38 290\",\"vatID\":\"884-00-30-013\",\"taxID\":\"0000292032\"}]}<\/script>\n<!-- \/ Yoast SEO Premium plugin. -->","yoast_head_json":{"title":"GUT GEMACHT MODERNE BAUL\u00d6SUNGEN - Selena FM S.A.","description":"Z\u00f6gern Sie nicht, uns zu kontaktieren \u2013 wir helfen Ihnen gerne weiter!","robots":{"index":"index","follow":"follow","max-snippet":"max-snippet:-1","max-image-preview":"max-image-preview:large","max-video-preview":"max-video-preview:-1"},"canonical":"https:\/\/selena.com\/de\/bau-2025-form\/","og_locale":"de_DE","og_type":"article","og_title":"Z\u00f6gern Sie nicht, uns zu kontaktieren \u2013 wir helfen Ihnen gerne weiter!","og_description":"Erleben Sie Live-Demonstrationen innovativer Produkte und diskutieren Sie mit den Experten der Selena Group auf der BAU 2025 \u00fcber die neuesten Baul\u00f6sungen.","og_url":"https:\/\/selena.com\/de\/bau-2025-form\/","og_site_name":"Selena FM S.A.","article_publisher":"https:\/\/www.facebook.com\/SelenaWorld","article_modified_time":"2025-01-13T09:30:14+00:00","og_image":[{"width":1024,"height":576,"url":"https:\/\/selena.com\/wp-content\/uploads\/2024\/12\/Selena_BAU2025_some_1200x675-1024x576.png","type":"image\/png"}],"twitter_card":"summary_large_image","twitter_title":"GUT GEMACHT MODERNE BAUL\u00d6SUNGEN","schema":{"@context":"https:\/\/schema.org","@graph":[{"@type":"WebPage","@id":"https:\/\/selena.com\/de\/bau-2025-form\/","url":"https:\/\/selena.com\/de\/bau-2025-form\/","name":"GUT GEMACHT MODERNE BAUL\u00d6SUNGEN - Selena FM S.A.","isPartOf":{"@id":"https:\/\/selena.com\/#website"},"datePublished":"2023-04-06T07:26:43+00:00","dateModified":"2025-01-13T09:30:14+00:00","description":"Z\u00f6gern Sie nicht, uns zu kontaktieren \u2013 wir helfen Ihnen gerne weiter!","breadcrumb":{"@id":"https:\/\/selena.com\/de\/bau-2025-form\/#breadcrumb"},"inLanguage":"de","potentialAction":[{"@type":"ReadAction","target":["https:\/\/selena.com\/de\/bau-2025-form\/"]}]},{"@type":"BreadcrumbList","@id":"https:\/\/selena.com\/de\/bau-2025-form\/#breadcrumb","itemListElement":[{"@type":"ListItem","position":1,"name":"Strona g\u0142\u00f3wna","item":"https:\/\/selena.com\/"},{"@type":"ListItem","position":2,"name":"GUT GEMACHT MODERNE BAUL\u00d6SUNGEN"}]},{"@type":"WebSite","@id":"https:\/\/selena.com\/#website","url":"https:\/\/selena.com\/","name":"Selena Group","description":"Selena FM S.A. - Globalny lider i dystrybutor chemii budowlanej","publisher":{"@id":"https:\/\/selena.com\/#organization"},"potentialAction":[{"@type":"SearchAction","target":{"@type":"EntryPoint","urlTemplate":"https:\/\/selena.com\/?s={search_term_string}"},"query-input":{"@type":"PropertyValueSpecification","valueRequired":true,"valueName":"search_term_string"}}],"inLanguage":"de"},{"@type":"Organization","@id":"https:\/\/selena.com\/#organization","name":"Selena FM S.A.","url":"https:\/\/selena.com\/","logo":{"@type":"ImageObject","inLanguage":"de","@id":"https:\/\/selena.com\/#\/schema\/logo\/image\/","url":"https:\/\/selena.com\/wp-content\/uploads\/2023\/04\/logo-4.png","contentUrl":"https:\/\/selena.com\/wp-content\/uploads\/2023\/04\/logo-4.png","width":260,"height":52,"caption":"Selena FM S.A."},"image":{"@id":"https:\/\/selena.com\/#\/schema\/logo\/image\/"},"sameAs":["https:\/\/www.facebook.com\/SelenaWorld","https:\/\/www.linkedin.com\/company\/selenagroup\/","https:\/\/www.youtube.com\/c\/SelenaGroup"],"email":"office@selena.com","telephone":"+48 71 78 38 290","vatID":"884-00-30-013","taxID":"0000292032"}]}},"_links":{"self":[{"href":"https:\/\/selena.com\/de\/wp-json\/wp\/v2\/pages\/23074","targetHints":{"allow":["GET"]}}],"collection":[{"href":"https:\/\/selena.com\/de\/wp-json\/wp\/v2\/pages"}],"about":[{"href":"https:\/\/selena.com\/de\/wp-json\/wp\/v2\/types\/page"}],"author":[{"embeddable":true,"href":"https:\/\/selena.com\/de\/wp-json\/wp\/v2\/users\/3"}],"replies":[{"embeddable":true,"href":"https:\/\/selena.com\/de\/wp-json\/wp\/v2\/comments?post=23074"}],"version-history":[{"count":4,"href":"https:\/\/selena.com\/de\/wp-json\/wp\/v2\/pages\/23074\/revisions"}],"predecessor-version":[{"id":23292,"href":"https:\/\/selena.com\/de\/wp-json\/wp\/v2\/pages\/23074\/revisions\/23292"}],"wp:attachment":[{"href":"https:\/\/selena.com\/de\/wp-json\/wp\/v2\/media?parent=23074"}],"curies":[{"name":"wp","href":"https:\/\/api.w.org\/{rel}","templated":true}]}}